{"id":269,"date":"2017-05-31T21:27:43","date_gmt":"2017-05-31T21:27:43","guid":{"rendered":"http:\/\/bavdpol.nl\/?page_id=269"},"modified":"2017-05-31T21:36:12","modified_gmt":"2017-05-31T21:36:12","slug":"classico-vorstenhuis","status":"publish","type":"page","link":"https:\/\/bavdpol.nl\/?page_id=269","title":{"rendered":"CLASSICO (VORSTENHUIS)"},"content":{"rendered":"<div id='gallery-1' class='gallery galleryid-269 gallery-columns-5 gallery-size-thumbnail'><figure class='gallery-item'>\n\t\t\t<div class='gallery-icon landscape'>\n\t\t\t\t<a href='https:\/\/bavdpol.nl\/wp-content\/uploads\/2017\/05\/concept-gevels.jpg'><img loading=\"lazy\" decoding=\"async\" width=\"150\" height=\"150\" src=\"https:\/\/bavdpol.nl\/wp-content\/uploads\/2017\/05\/concept-gevels-150x150.jpg\" class=\"attachment-thumbnail size-thumbnail\" alt=\"\" \/><\/a>\n\t\t\t<\/div><\/figure><figure class='gallery-item'>\n\t\t\t<div class='gallery-icon landscape'>\n\t\t\t\t<a href='https:\/\/bavdpol.nl\/wp-content\/uploads\/2017\/05\/voorgevel-1.jpg'><img loading=\"lazy\" decoding=\"async\" width=\"150\" height=\"150\" src=\"https:\/\/bavdpol.nl\/wp-content\/uploads\/2017\/05\/voorgevel-1-150x150.jpg\" class=\"attachment-thumbnail size-thumbnail\" alt=\"\" \/><\/a>\n\t\t\t<\/div><\/figure><figure class='gallery-item'>\n\t\t\t<div class='gallery-icon landscape'>\n\t\t\t\t<a href='https:\/\/bavdpol.nl\/wp-content\/uploads\/2017\/05\/zijgevels.jpg'><img loading=\"lazy\" decoding=\"async\" width=\"150\" height=\"150\" src=\"https:\/\/bavdpol.nl\/wp-content\/uploads\/2017\/05\/zijgevels-150x150.jpg\" class=\"attachment-thumbnail size-thumbnail\" alt=\"\" \/><\/a>\n\t\t\t<\/div><\/figure><figure class='gallery-item'>\n\t\t\t<div class='gallery-icon portrait'>\n\t\t\t\t<a href='https:\/\/bavdpol.nl\/wp-content\/uploads\/2017\/05\/schets-gevels.jpg'><img loading=\"lazy\" decoding=\"async\" width=\"150\" height=\"150\" src=\"https:\/\/bavdpol.nl\/wp-content\/uploads\/2017\/05\/schets-gevels-150x150.jpg\" class=\"attachment-thumbnail size-thumbnail\" alt=\"\" \/><\/a>\n\t\t\t<\/div><\/figure><figure class='gallery-item'>\n\t\t\t<div class='gallery-icon portrait'>\n\t\t\t\t<a href='https:\/\/bavdpol.nl\/wp-content\/uploads\/2017\/05\/kunstgevel.jpg'><img loading=\"lazy\" decoding=\"async\" width=\"150\" height=\"150\" src=\"https:\/\/bavdpol.nl\/wp-content\/uploads\/2017\/05\/kunstgevel-150x150.jpg\" class=\"attachment-thumbnail size-thumbnail\" alt=\"\" \/><\/a>\n\t\t\t<\/div><\/figure><figure class='gallery-item'>\n\t\t\t<div class='gallery-icon landscape'>\n\t\t\t\t<a href='https:\/\/bavdpol.nl\/wp-content\/uploads\/2017\/05\/Vorstenhuizen-def.jpg'><img loading=\"lazy\" decoding=\"async\" width=\"150\" height=\"150\" src=\"https:\/\/bavdpol.nl\/wp-content\/uploads\/2017\/05\/Vorstenhuizen-def-150x150.jpg\" class=\"attachment-thumbnail size-thumbnail\" alt=\"\" \/><\/a>\n\t\t\t<\/div><\/figure><figure class='gallery-item'>\n\t\t\t<div class='gallery-icon landscape'>\n\t\t\t\t<a href='https:\/\/bavdpol.nl\/wp-content\/uploads\/2017\/05\/zijachtergevel.jpg'><img loading=\"lazy\" decoding=\"async\" width=\"150\" height=\"150\" src=\"https:\/\/bavdpol.nl\/wp-content\/uploads\/2017\/05\/zijachtergevel-150x150.jpg\" class=\"attachment-thumbnail size-thumbnail\" alt=\"\" \/><\/a>\n\t\t\t<\/div><\/figure><figure class='gallery-item'>\n\t\t\t<div class='gallery-icon portrait'>\n\t\t\t\t<a href='https:\/\/bavdpol.nl\/wp-content\/uploads\/2017\/05\/situatie-1.jpg'><img loading=\"lazy\" decoding=\"async\" width=\"150\" height=\"150\" src=\"https:\/\/bavdpol.nl\/wp-content\/uploads\/2017\/05\/situatie-1-150x150.jpg\" class=\"attachment-thumbnail size-thumbnail\" alt=\"\" \/><\/a>\n\t\t\t<\/div><\/figure><figure class='gallery-item'>\n\t\t\t<div class='gallery-icon portrait'>\n\t\t\t\t<a href='https:\/\/bavdpol.nl\/wp-content\/uploads\/2017\/05\/gevel-materiaal.jpg'><img loading=\"lazy\" decoding=\"async\" width=\"150\" height=\"150\" src=\"https:\/\/bavdpol.nl\/wp-content\/uploads\/2017\/05\/gevel-materiaal-150x150.jpg\" class=\"attachment-thumbnail size-thumbnail\" alt=\"\" \/><\/a>\n\t\t\t<\/div><\/figure><figure class='gallery-item'>\n\t\t\t<div class='gallery-icon portrait'>\n\t\t\t\t<a href='https:\/\/bavdpol.nl\/wp-content\/uploads\/2017\/05\/opties.jpg'><img loading=\"lazy\" decoding=\"async\" width=\"150\" height=\"150\" src=\"https:\/\/bavdpol.nl\/wp-content\/uploads\/2017\/05\/opties-150x150.jpg\" class=\"attachment-thumbnail size-thumbnail\" alt=\"\" \/><\/a>\n\t\t\t<\/div><\/figure>\n\t\t<\/div>\n\n<p><em>Vorstenverblijven, de nieuwe standaard<\/em><br \/>\nVoel je een koning te rijk in uw nieuwe woning. Gelegen in de nieuwe uitbreidingswijk op loopafstand van centrum binnenstad. De luxueus<br \/>\naandoende huizen aan de bomenrijke lanen zijn als heuse paleizen ontworpen.<\/p>\n<p>De heldere eenduidige fa\u00e7ade per blok kent ook een duidelijke herkenning van de individuele woning. Het thuisgevoel wordt versterkt door de verbijzondering van de entreedeur. Deze ligt met sprongen terug in de gevel, waardoor een overgangszone ontstaat tussen het publieke en huiselijke domein.<\/p>\n<p>In de wijk zijn meerdere rijen met een gelijke klaarheid in de gevelordening. Differentiatie tussen blokken zit in de details;<br \/>\naansluitingen, lateien, ornamenten , kapvorm, voordeur en\/of steenkleur. Hierbij wordt gerefereerd en aangesloten aan de identiteit van de specifieke locatie. Dit waarborgt de allure en het onderscheidend vermogen van de wijk, rij en huis.<\/p>\n<p>Dit project is naar aanleiding van een idee\u00ebnprijsvraag voor de gevelontwerpen van de conceptwoning van TBI Woonlab(ERA-Contour). Het ontwerp is \u00e9\u00e9n van de woonsmaken van het &#8220;lekkereigenhuis&#8221; geworden.<\/p>\n<p>Opdrachtgever: TBI Woonlab(ERA-Contour)<\/p>\n","protected":false},"excerpt":{"rendered":"<p>Vorstenverblijven, de nieuwe standaard Voel je een koning te rijk in uw nieuwe woning. Gelegen in de nieuwe uitbreidingswijk op loopafstand van centrum binnenstad. De luxueus aandoende huizen aan de bomenrijke lanen zijn als heuse paleizen ontworpen. De heldere eenduidige fa\u00e7ade per blok kent ook een duidelijke herkenning van de individuele woning. Het thuisgevoel wordt&hellip; <\/p>\n","protected":false},"author":1,"featured_media":272,"parent":0,"menu_order":0,"comment_status":"closed","ping_status":"closed","template":"","meta":{"footnotes":""},"class_list":["post-269","page","type-page","status-publish","has-post-thumbnail","hentry"],"_links":{"self":[{"href":"https:\/\/bavdpol.nl\/index.php?rest_route=\/wp\/v2\/pages\/269","targetHints":{"allow":["GET"]}}],"collection":[{"href":"https:\/\/bavdpol.nl\/index.php?rest_route=\/wp\/v2\/pages"}],"about":[{"href":"https:\/\/bavdpol.nl\/index.php?rest_route=\/wp\/v2\/types\/page"}],"author":[{"embeddable":true,"href":"https:\/\/bavdpol.nl\/index.php?rest_route=\/wp\/v2\/users\/1"}],"replies":[{"embeddable":true,"href":"https:\/\/bavdpol.nl\/index.php?rest_route=%2Fwp%2Fv2%2Fcomments&post=269"}],"version-history":[{"count":2,"href":"https:\/\/bavdpol.nl\/index.php?rest_route=\/wp\/v2\/pages\/269\/revisions"}],"predecessor-version":[{"id":283,"href":"https:\/\/bavdpol.nl\/index.php?rest_route=\/wp\/v2\/pages\/269\/revisions\/283"}],"wp:featuredmedia":[{"embeddable":true,"href":"https:\/\/bavdpol.nl\/index.php?rest_route=\/wp\/v2\/media\/272"}],"wp:attachment":[{"href":"https:\/\/bavdpol.nl\/index.php?rest_route=%2Fwp%2Fv2%2Fmedia&parent=269"}],"curies":[{"name":"wp","href":"https:\/\/api.w.org\/{rel}","templated":true}]}}